{"id":750,"date":"2021-06-18T08:24:06","date_gmt":"2021-06-18T06:24:06","guid":{"rendered":"https:\/\/www.maierhoefer.com\/imprint\/"},"modified":"2024-11-19T15:33:15","modified_gmt":"2024-11-19T14:33:15","slug":"imprint","status":"publish","type":"page","link":"https:\/\/www.maierhoefer.com\/en\/imprint\/","title":{"rendered":"imprint"},"content":{"rendered":"<h1>Site Notice<\/h1>\n<p>Maierh&ouml;fer Spritzgie&szlig;technik GmbH<br \/>\nIm Wiesental 20<br \/>\n75031 Eppingen<\/p>\n<p>Commercial Register: HRB 103493<br \/>\nRegistration court: Stuttgart<\/p>\n<p><strong>Represented by:<\/strong><br \/>\nBenjamin Maierh\u00f6fer<\/p>\n<p><strong>Chairman, supervisory board:<\/strong><br \/>\nBenjamin Maierh\u00f6fer, Robert Maierh\u00f6fer, Gisela Maierh\u00f6fer<\/p>\n<h2>Contact<\/h2>\n<p>Phone: <a href=\"tel:0049726220730\">+49 7262 20730<br \/>\nE-mail: <a href=\"mailto:info@maierhoefer.com\">info@maierhoefer.com<\/a><\/p>\n<h2>VAT ID<\/h2>\n<p>Sales tax identification number according to Sect. 27 a of the Sales Tax Law:<br \/>\nDE145777773<\/p>\n<h2>Information regarding professional liability insurance<\/h2>\n<p><strong>Name and registered office of the insurer:<\/strong><br \/>\nW\u00fcrttembergische Versicherung AG<br \/>\nGutenbergstra\u00dfe 30<br \/>\n70176 Stuttgart<\/p>\n<p><strong>Scope of insurance:<\/strong><br \/>Worldwide<\/p>\n<h2>Dispute resolution proceedings in front of a consumer arbitration board<\/h2>\n<p>We are not willing or obliged to participate in dispute resolution proceedings in front of a consumer arbitration board.<\/p>\n","protected":false},"excerpt":{"rendered":"<p>Site Notice Maierh&ouml;fer Spritzgie&szlig;technik GmbH Im Wiesental 20 75031 Eppingen  [&#8230;]<\/p>\n","protected":false},"author":1,"featured_media":0,"parent":0,"menu_order":0,"comment_status":"closed","ping_status":"closed","template":"","meta":{"footnotes":""},"class_list":["post-750","page","type-page","status-publish","hentry"],"_links":{"self":[{"href":"https:\/\/www.maierhoefer.com\/en\/wp-json\/wp\/v2\/pages\/750","targetHints":{"allow":["GET"]}}],"collection":[{"href":"https:\/\/www.maierhoefer.com\/en\/wp-json\/wp\/v2\/pages"}],"about":[{"href":"https:\/\/www.maierhoefer.com\/en\/wp-json\/wp\/v2\/types\/page"}],"author":[{"embeddable":true,"href":"https:\/\/www.maierhoefer.com\/en\/wp-json\/wp\/v2\/users\/1"}],"replies":[{"embeddable":true,"href":"https:\/\/www.maierhoefer.com\/en\/wp-json\/wp\/v2\/comments?post=750"}],"version-history":[{"count":2,"href":"https:\/\/www.maierhoefer.com\/en\/wp-json\/wp\/v2\/pages\/750\/revisions"}],"predecessor-version":[{"id":1487,"href":"https:\/\/www.maierhoefer.com\/en\/wp-json\/wp\/v2\/pages\/750\/revisions\/1487"}],"wp:attachment":[{"href":"https:\/\/www.maierhoefer.com\/en\/wp-json\/wp\/v2\/media?parent=750"}],"curies":[{"name":"wp","href":"https:\/\/api.w.org\/{rel}","templated":true}]}}